{"id":33,"date":"2025-02-22T09:24:58","date_gmt":"2025-02-22T08:24:58","guid":{"rendered":"http:\/\/jasminimal.de\/?page_id=33"},"modified":"2025-02-25T07:12:09","modified_gmt":"2025-02-25T06:12:09","slug":"about-mini","status":"publish","type":"page","link":"https:\/\/jasminimal.de\/?page_id=33","title":{"rendered":"Mini"},"content":{"rendered":"\n<div class=\"wp-block-group has-small-font-size is-vertical is-content-justification-center is-layout-flex wp-container-core-group-is-layout-2 wp-block-group-is-layout-flex\">\n<div class=\"wp-block-group\"><div class=\"wp-block-group__inner-container is-layout-flow wp-block-group-is-layout-flow\">\n<figure class=\"wp-block-image size-full is-resized\"><img loading=\"lazy\" decoding=\"async\" width=\"543\" height=\"362\" src=\"https:\/\/jasminimal.de\/wp-content\/uploads\/2022\/05\/Human-female-being7d-edited.png\" alt=\"\" class=\"wp-image-366\" style=\"width:866px\" srcset=\"https:\/\/jasminimal.de\/wp-content\/uploads\/2022\/05\/Human-female-being7d-edited.png 543w, https:\/\/jasminimal.de\/wp-content\/uploads\/2022\/05\/Human-female-being7d-edited-300x200.png 300w\" sizes=\"auto, (max-width: 543px) 100vw, 543px\" \/><\/figure>\n<\/div><\/div>\n\n\n\n<div class=\"wp-block-columns are-vertically-aligned-center is-layout-flex wp-container-core-columns-is-layout-2 wp-block-columns-is-layout-flex\">\n<div class=\"wp-block-column is-vertically-aligned-center is-layout-flow wp-block-column-is-layout-flow\" style=\"flex-basis:100%\">\n<div class=\"wp-block-columns is-layout-flex wp-container-core-columns-is-layout-1 wp-block-columns-is-layout-flex\">\n<div class=\"wp-block-column is-layout-flow wp-block-column-is-layout-flow\"><\/div>\n\n\n\n<div class=\"wp-block-column is-layout-flow wp-block-column-is-layout-flow\"><\/div>\n<\/div>\n<\/div>\n<\/div>\n<\/div>\n\n\n\n<hr class=\"wp-block-separator has-css-opacity\"\/>\n\n\n\n<p class=\"has-text-align-center\"><strong>\u2022 LIEBLINGSZITATE \u2022<\/strong><\/p>\n\n\n\n<hr class=\"wp-block-separator has-alpha-channel-opacity\"\/>\n\n\n\n<blockquote class=\"wp-block-quote is-layout-flow wp-block-quote-is-layout-flow\">\n<p class=\"has-text-align-center\"><br>&#8222;Ich sehne mich danach, eine gro\u00dfe Aufgabe zu erf\u00fcllen, <br>doch ist es meine gr\u00f6\u00dfte Pflicht, kleine Aufgaben so zu erf\u00fcllen, <br>als ob sie gro\u00df und nobel w\u00e4ren!&#8220;&nbsp;<br><br><em>Helene Keller (Schriftstellerin)<\/em><br><br>* 27.06.1880<br>\u2020 01.06.1968<\/p>\n<\/blockquote>\n\n\n\n<hr class=\"wp-block-separator has-css-opacity is-style-wide\"\/>\n\n\n\n<blockquote class=\"wp-block-quote is-layout-flow wp-block-quote-is-layout-flow\">\n<p class=\"has-text-align-center\">\u201eDer Horizont der meisten Menschen ist ein Kreis <br>mit dem Radius 0. Und das nennen sie ihren Standpunkt.\u201c<br><br><em>Albert Einstein (Physiker)<\/em><br><br>* 14.03.1879&nbsp;<br>\u2020 18.04.1955&nbsp;<\/p>\n<\/blockquote>\n\n\n\n<hr class=\"wp-block-separator has-alpha-channel-opacity\"\/>\n\n\n\n<blockquote class=\"wp-block-quote is-layout-flow wp-block-quote-is-layout-flow\">\n<p class=\"has-text-align-center\">\u201eIch habe niemals einen wirklich gro\u00dfen Gesch\u00e4ftsmann <br>gesehen, dem das Verdienen die Hauptsache war.\u201c<br><br><em>Walther Rathenau (Politiker &amp; Schriftsteller)<\/em><br><br>* 29.09.1867<br>\u2020 24.06.1922<\/p>\n<\/blockquote>\n\n\n\n<hr class=\"wp-block-separator has-alpha-channel-opacity\"\/>\n\n\n\n<p><\/p>\n","protected":false},"excerpt":{"rendered":"<p>\u2022 LIEBLINGSZITATE \u2022 &#8222;Ich sehne mich danach, eine gro\u00dfe Aufgabe zu erf\u00fcllen, doch ist es meine gr\u00f6\u00dfte Pflicht, kleine Aufgaben so zu erf\u00fcllen, als ob&hellip; <\/p>\n","protected":false},"author":1,"featured_media":0,"parent":0,"menu_order":0,"comment_status":"closed","ping_status":"closed","template":"page-templates\/aboutus-template.php","meta":{"footnotes":""},"class_list":["post-33","page","type-page","status-publish","hentry"],"_links":{"self":[{"href":"https:\/\/jasminimal.de\/index.php?rest_route=\/wp\/v2\/pages\/33","targetHints":{"allow":["GET"]}}],"collection":[{"href":"https:\/\/jasminimal.de\/index.php?rest_route=\/wp\/v2\/pages"}],"about":[{"href":"https:\/\/jasminimal.de\/index.php?rest_route=\/wp\/v2\/types\/page"}],"author":[{"embeddable":true,"href":"https:\/\/jasminimal.de\/index.php?rest_route=\/wp\/v2\/users\/1"}],"replies":[{"embeddable":true,"href":"https:\/\/jasminimal.de\/index.php?rest_route=%2Fwp%2Fv2%2Fcomments&post=33"}],"version-history":[{"count":53,"href":"https:\/\/jasminimal.de\/index.php?rest_route=\/wp\/v2\/pages\/33\/revisions"}],"predecessor-version":[{"id":511,"href":"https:\/\/jasminimal.de\/index.php?rest_route=\/wp\/v2\/pages\/33\/revisions\/511"}],"wp:attachment":[{"href":"https:\/\/jasminimal.de\/index.php?rest_route=%2Fwp%2Fv2%2Fmedia&parent=33"}],"curies":[{"name":"wp","href":"https:\/\/api.w.org\/{rel}","templated":true}]}}