{"id":46,"date":"2018-06-27T10:49:32","date_gmt":"2018-06-27T10:49:32","guid":{"rendered":"http:\/\/jasminimal.de\/?page_id=46"},"modified":"2025-02-25T07:19:58","modified_gmt":"2025-02-25T06:19:58","slug":"sketches-drawings-art","status":"publish","type":"page","link":"https:\/\/jasminimal.de\/?page_id=46","title":{"rendered":"&#x1f3a8; Painting  &#8211;  Artwork by Mini"},"content":{"rendered":"\n<hr class=\"wp-block-separator has-css-opacity is-style-wide\"\/>\n\n\n\n<p class=\"has-text-align-center has-medium-font-size\" style=\"font-style:normal;font-weight:300\">&#8222;<em><strong>Wenn ich w\u00fcsste, was Kunst ist, w\u00fcrde ich es f\u00fcr mich behalten.<\/strong>&#8222;<\/em><br><sub>\u00a0<em>&#8211; Pablo Picasso<\/em><\/sub><\/p>\n\n\n\n<hr class=\"wp-block-separator aligncenter has-css-opacity is-style-wide\"\/>\n\n\n<div id=\"pfg-gallery-445\" class=\"pfg-gallery-wrapper pfg-loading pfg-template-modern-cards\" data-gallery-id=\"445\" data-multi-select=\"false\" data-filter-logic=\"or\" data-filter-hierarchy=\"[]\" data-url-param=\"filter\" data-version=\"2.1.5\" data-lightbox-title=\"true\" data-lightbox-description=\"false\" data-show-preloader=\"true\" data-image-links=\"false\"><div class=\"pfg-search\"><input type=\"text\" class=\"pfg-search-input\" placeholder=\"Search Images\" aria-label=\"Search gallery\"><\/div><div class=\"pfg-preloader\"><div class=\"pfg-preloader-spinner\"><\/div><span class=\"pfg-preloader-text\">Loading...<\/span><\/div><div class=\"pfg-grid pfg-grid--large\" style=\"--pfg-gap: 20px; --pfg-border-radius: 0px; --pfg-radius: 0px; --pfg-overlay-color: rgba(0, 0, 0, 0.7); --pfg-primary-color: #94a3b8; --pfg-caption-text: #1e293b; --pfg-caption-bg: #ffffff\"><div class=\"pfg-item  pfg-item-hover--hvr-glow\" data-id=\"183\"><a href=\"https:\/\/jasminimal.de\/wp-content\/uploads\/2018\/08\/31100499_10213216240253990_2086724180182564864_o.jpg\" class=\"pfg-item-link\" data-lightbox=\"pfg-445\" data-title=\"Artwork by Mini\"><img src=\"https:\/\/jasminimal.de\/wp-content\/uploads\/2018\/08\/31100499_10213216240253990_2086724180182564864_o-1021x1024.jpg\" srcset=\"https:\/\/jasminimal.de\/wp-content\/uploads\/2018\/08\/31100499_10213216240253990_2086724180182564864_o-1021x1024.jpg 1021w, https:\/\/jasminimal.de\/wp-content\/uploads\/2018\/08\/31100499_10213216240253990_2086724180182564864_o-150x150.jpg 150w, https:\/\/jasminimal.de\/wp-content\/uploads\/2018\/08\/31100499_10213216240253990_2086724180182564864_o-300x300.jpg 300w, https:\/\/jasminimal.de\/wp-content\/uploads\/2018\/08\/31100499_10213216240253990_2086724180182564864_o-768x770.jpg 768w, https:\/\/jasminimal.de\/wp-content\/uploads\/2018\/08\/31100499_10213216240253990_2086724180182564864_o-75x75.jpg 75w, https:\/\/jasminimal.de\/wp-content\/uploads\/2018\/08\/31100499_10213216240253990_2086724180182564864_o.jpg 1080w\" sizes=\"(min-width: 1200px) 33vw, (min-width: 992px) 100vw, (min-width: 768px) 33vw, 100vw\" alt=\"Artwork by Mini\" loading=\"eager\" decoding=\"async\" class=\"pfg-item-image\"><div class=\"pfg-item-caption pfg-item-caption--overlay\"><h3 class=\"pfg-item-title\">Artwork by Mini<\/h3><\/div><\/a><\/div><div class=\"pfg-item  pfg-item-hover--hvr-glow\" data-id=\"185\"><a href=\"https:\/\/jasminimal.de\/wp-content\/uploads\/2018\/08\/Foto-08.06.18-23-48-17.jpg\" class=\"pfg-item-link\" data-lightbox=\"pfg-445\" data-title=\"Artwork by Mini\"><img src=\"https:\/\/jasminimal.de\/wp-content\/uploads\/2018\/08\/Foto-08.06.18-23-48-17-1024x1024.jpg\" srcset=\"https:\/\/jasminimal.de\/wp-content\/uploads\/2018\/08\/Foto-08.06.18-23-48-17-1024x1024.jpg 1024w, https:\/\/jasminimal.de\/wp-content\/uploads\/2018\/08\/Foto-08.06.18-23-48-17-150x150.jpg 150w, https:\/\/jasminimal.de\/wp-content\/uploads\/2018\/08\/Foto-08.06.18-23-48-17-300x300.jpg 300w, https:\/\/jasminimal.de\/wp-content\/uploads\/2018\/08\/Foto-08.06.18-23-48-17-768x768.jpg 768w, https:\/\/jasminimal.de\/wp-content\/uploads\/2018\/08\/Foto-08.06.18-23-48-17-75x75.jpg 75w\" sizes=\"(min-width: 1200px) 33vw, (min-width: 992px) 100vw, (min-width: 768px) 33vw, 100vw\" alt=\"Artwork by Mini\" loading=\"eager\" decoding=\"async\" class=\"pfg-item-image\"><div class=\"pfg-item-caption pfg-item-caption--overlay\"><h3 class=\"pfg-item-title\">Artwork by Mini<\/h3><\/div><\/a><\/div><div class=\"pfg-item  pfg-item-hover--hvr-glow\" data-id=\"448\"><a href=\"https:\/\/jasminimal.de\/wp-content\/uploads\/2025\/02\/8.jpg\" class=\"pfg-item-link\" data-lightbox=\"pfg-445\" data-title=\"Artwork by Mini\"><img src=\"https:\/\/jasminimal.de\/wp-content\/uploads\/2025\/02\/8-1024x1024.jpg\" srcset=\"https:\/\/jasminimal.de\/wp-content\/uploads\/2025\/02\/8-1024x1024.jpg 1024w, https:\/\/jasminimal.de\/wp-content\/uploads\/2025\/02\/8-300x300.jpg 300w, https:\/\/jasminimal.de\/wp-content\/uploads\/2025\/02\/8-150x150.jpg 150w, https:\/\/jasminimal.de\/wp-content\/uploads\/2025\/02\/8-768x768.jpg 768w, https:\/\/jasminimal.de\/wp-content\/uploads\/2025\/02\/8-500x500.jpg 500w, https:\/\/jasminimal.de\/wp-content\/uploads\/2025\/02\/8-800x800.jpg 800w, https:\/\/jasminimal.de\/wp-content\/uploads\/2025\/02\/8-75x75.jpg 75w, https:\/\/jasminimal.de\/wp-content\/uploads\/2025\/02\/8.jpg 1080w\" sizes=\"(min-width: 1200px) 33vw, (min-width: 992px) 100vw, (min-width: 768px) 33vw, 100vw\" alt=\"Artwork by Mini\" loading=\"eager\" decoding=\"async\" class=\"pfg-item-image\"><div class=\"pfg-item-caption pfg-item-caption--overlay\"><h3 class=\"pfg-item-title\">Artwork by Mini<\/h3><\/div><\/a><\/div><div class=\"pfg-item  pfg-item-hover--hvr-glow\" data-id=\"447\"><a href=\"https:\/\/jasminimal.de\/wp-content\/uploads\/2025\/02\/Zeichnung-1.jpg\" class=\"pfg-item-link\" data-lightbox=\"pfg-445\" data-title=\"Artwork by Mini\"><img src=\"https:\/\/jasminimal.de\/wp-content\/uploads\/2025\/02\/Zeichnung-1.jpg\" srcset=\"https:\/\/jasminimal.de\/wp-content\/uploads\/2025\/02\/Zeichnung-1.jpg 598w, https:\/\/jasminimal.de\/wp-content\/uploads\/2025\/02\/Zeichnung-1-300x300.jpg 300w, https:\/\/jasminimal.de\/wp-content\/uploads\/2025\/02\/Zeichnung-1-150x150.jpg 150w, https:\/\/jasminimal.de\/wp-content\/uploads\/2025\/02\/Zeichnung-1-500x500.jpg 500w, https:\/\/jasminimal.de\/wp-content\/uploads\/2025\/02\/Zeichnung-1-75x75.jpg 75w\" sizes=\"(min-width: 1200px) 33vw, (min-width: 992px) 100vw, (min-width: 768px) 33vw, 100vw\" alt=\"Artwork by Mini\" loading=\"eager\" decoding=\"async\" class=\"pfg-item-image\"><div class=\"pfg-item-caption pfg-item-caption--overlay\"><h3 class=\"pfg-item-title\">Artwork by Mini<\/h3><\/div><\/a><\/div><div class=\"pfg-item  pfg-item-hover--hvr-glow\" data-id=\"452\"><a href=\"https:\/\/jasminimal.de\/wp-content\/uploads\/2025\/02\/31948882_10213312878389883_4858638121027239936_o.jpg\" class=\"pfg-item-link\" data-lightbox=\"pfg-445\" data-title=\"Artwork by Mini\"><img src=\"https:\/\/jasminimal.de\/wp-content\/uploads\/2025\/02\/31948882_10213312878389883_4858638121027239936_o-1024x1024.jpg\" srcset=\"https:\/\/jasminimal.de\/wp-content\/uploads\/2025\/02\/31948882_10213312878389883_4858638121027239936_o-1024x1024.jpg 1024w, https:\/\/jasminimal.de\/wp-content\/uploads\/2025\/02\/31948882_10213312878389883_4858638121027239936_o-300x300.jpg 300w, https:\/\/jasminimal.de\/wp-content\/uploads\/2025\/02\/31948882_10213312878389883_4858638121027239936_o-150x150.jpg 150w, https:\/\/jasminimal.de\/wp-content\/uploads\/2025\/02\/31948882_10213312878389883_4858638121027239936_o-768x768.jpg 768w, https:\/\/jasminimal.de\/wp-content\/uploads\/2025\/02\/31948882_10213312878389883_4858638121027239936_o-500x500.jpg 500w, https:\/\/jasminimal.de\/wp-content\/uploads\/2025\/02\/31948882_10213312878389883_4858638121027239936_o-800x800.jpg 800w, https:\/\/jasminimal.de\/wp-content\/uploads\/2025\/02\/31948882_10213312878389883_4858638121027239936_o-75x75.jpg 75w, https:\/\/jasminimal.de\/wp-content\/uploads\/2025\/02\/31948882_10213312878389883_4858638121027239936_o.jpg 1073w\" sizes=\"(min-width: 1200px) 33vw, (min-width: 992px) 100vw, (min-width: 768px) 33vw, 100vw\" alt=\"Artwork by Mini\" loading=\"eager\" decoding=\"async\" class=\"pfg-item-image\"><div class=\"pfg-item-caption pfg-item-caption--overlay\"><h3 class=\"pfg-item-title\">Artwork by Mini<\/h3><\/div><\/a><\/div><div class=\"pfg-item  pfg-item-hover--hvr-glow\" data-id=\"175\"><a href=\"https:\/\/jasminimal.de\/wp-content\/uploads\/2018\/08\/33786454_10213463538316287_3317993000734294016_o.jpg\" class=\"pfg-item-link\" data-lightbox=\"pfg-445\" data-title=\"Artwork by Mini\"><img src=\"https:\/\/jasminimal.de\/wp-content\/uploads\/2018\/08\/33786454_10213463538316287_3317993000734294016_o-1024x1024.jpg\" srcset=\"https:\/\/jasminimal.de\/wp-content\/uploads\/2018\/08\/33786454_10213463538316287_3317993000734294016_o-1024x1024.jpg 1024w, https:\/\/jasminimal.de\/wp-content\/uploads\/2018\/08\/33786454_10213463538316287_3317993000734294016_o-150x150.jpg 150w, https:\/\/jasminimal.de\/wp-content\/uploads\/2018\/08\/33786454_10213463538316287_3317993000734294016_o-300x300.jpg 300w, https:\/\/jasminimal.de\/wp-content\/uploads\/2018\/08\/33786454_10213463538316287_3317993000734294016_o-768x768.jpg 768w, https:\/\/jasminimal.de\/wp-content\/uploads\/2018\/08\/33786454_10213463538316287_3317993000734294016_o-75x75.jpg 75w, https:\/\/jasminimal.de\/wp-content\/uploads\/2018\/08\/33786454_10213463538316287_3317993000734294016_o.jpg 1080w\" sizes=\"(min-width: 1200px) 33vw, (min-width: 992px) 100vw, (min-width: 768px) 33vw, 100vw\" alt=\"Artwork by Mini\" loading=\"eager\" decoding=\"async\" class=\"pfg-item-image\"><div class=\"pfg-item-caption pfg-item-caption--overlay\"><h3 class=\"pfg-item-title\">Artwork by Mini<\/h3><\/div><\/a><\/div><div class=\"pfg-item  pfg-item-hover--hvr-glow\" data-id=\"451\"><a href=\"https:\/\/jasminimal.de\/wp-content\/uploads\/2025\/02\/Foto-21.05.18-13-12-05-scaled.jpg\" class=\"pfg-item-link\" data-lightbox=\"pfg-445\" data-title=\"Artwork by Mini\"><img src=\"https:\/\/jasminimal.de\/wp-content\/uploads\/2025\/02\/Foto-21.05.18-13-12-05-1024x1024.jpg\" srcset=\"https:\/\/jasminimal.de\/wp-content\/uploads\/2025\/02\/Foto-21.05.18-13-12-05-1024x1024.jpg 1024w, https:\/\/jasminimal.de\/wp-content\/uploads\/2025\/02\/Foto-21.05.18-13-12-05-300x300.jpg 300w, https:\/\/jasminimal.de\/wp-content\/uploads\/2025\/02\/Foto-21.05.18-13-12-05-150x150.jpg 150w, https:\/\/jasminimal.de\/wp-content\/uploads\/2025\/02\/Foto-21.05.18-13-12-05-768x768.jpg 768w, https:\/\/jasminimal.de\/wp-content\/uploads\/2025\/02\/Foto-21.05.18-13-12-05-500x500.jpg 500w, https:\/\/jasminimal.de\/wp-content\/uploads\/2025\/02\/Foto-21.05.18-13-12-05-800x800.jpg 800w, https:\/\/jasminimal.de\/wp-content\/uploads\/2025\/02\/Foto-21.05.18-13-12-05-1536x1536.jpg 1536w, https:\/\/jasminimal.de\/wp-content\/uploads\/2025\/02\/Foto-21.05.18-13-12-05-2048x2048.jpg 2048w, https:\/\/jasminimal.de\/wp-content\/uploads\/2025\/02\/Foto-21.05.18-13-12-05-75x75.jpg 75w\" sizes=\"(min-width: 1200px) 33vw, (min-width: 992px) 100vw, (min-width: 768px) 33vw, 100vw\" alt=\"Artwork by Mini\" loading=\"eager\" decoding=\"async\" class=\"pfg-item-image\"><div class=\"pfg-item-caption pfg-item-caption--overlay\"><h3 class=\"pfg-item-title\">Artwork by Mini<\/h3><\/div><\/a><\/div><div class=\"pfg-item  pfg-item-hover--hvr-glow\" data-id=\"456\"><a href=\"https:\/\/jasminimal.de\/wp-content\/uploads\/2025\/02\/Jonas_kl.jpg\" class=\"pfg-item-link\" data-lightbox=\"pfg-445\" data-title=\"Artwork by Mini\"><img src=\"https:\/\/jasminimal.de\/wp-content\/uploads\/2025\/02\/Jonas_kl.jpg\" srcset=\"https:\/\/jasminimal.de\/wp-content\/uploads\/2025\/02\/Jonas_kl.jpg 714w, https:\/\/jasminimal.de\/wp-content\/uploads\/2025\/02\/Jonas_kl-268x300.jpg 268w\" sizes=\"(min-width: 1200px) 33vw, (min-width: 992px) 100vw, (min-width: 768px) 33vw, 100vw\" alt=\"Artwork by Mini\" loading=\"eager\" decoding=\"async\" class=\"pfg-item-image\"><div class=\"pfg-item-caption pfg-item-caption--overlay\"><h3 class=\"pfg-item-title\">Artwork by Mini<\/h3><\/div><\/a><\/div><div class=\"pfg-item  pfg-item-hover--hvr-glow\" data-id=\"446\"><a href=\"https:\/\/jasminimal.de\/wp-content\/uploads\/2025\/02\/36453772_10213676966131849_4046805520156196864_o2.jpg\" class=\"pfg-item-link\" data-lightbox=\"pfg-445\" data-title=\"Artwork by Mini\"><img src=\"https:\/\/jasminimal.de\/wp-content\/uploads\/2025\/02\/36453772_10213676966131849_4046805520156196864_o2-871x1024.jpg\" srcset=\"https:\/\/jasminimal.de\/wp-content\/uploads\/2025\/02\/36453772_10213676966131849_4046805520156196864_o2-871x1024.jpg 871w, https:\/\/jasminimal.de\/wp-content\/uploads\/2025\/02\/36453772_10213676966131849_4046805520156196864_o2-255x300.jpg 255w, https:\/\/jasminimal.de\/wp-content\/uploads\/2025\/02\/36453772_10213676966131849_4046805520156196864_o2-768x903.jpg 768w, https:\/\/jasminimal.de\/wp-content\/uploads\/2025\/02\/36453772_10213676966131849_4046805520156196864_o2.jpg 1080w\" sizes=\"(min-width: 1200px) 33vw, (min-width: 992px) 100vw, (min-width: 768px) 33vw, 100vw\" alt=\"Artwork by Mini\" loading=\"eager\" decoding=\"async\" class=\"pfg-item-image\"><div class=\"pfg-item-caption pfg-item-caption--overlay\"><h3 class=\"pfg-item-title\">Artwork by Mini<\/h3><\/div><\/a><\/div><div class=\"pfg-item  pfg-item-hover--hvr-glow\" data-id=\"457\"><a href=\"https:\/\/jasminimal.de\/wp-content\/uploads\/2025\/02\/deer-skull.jpg\" class=\"pfg-item-link\" data-lightbox=\"pfg-445\" data-title=\"Artwork by Mini\"><img src=\"https:\/\/jasminimal.de\/wp-content\/uploads\/2025\/02\/deer-skull.jpg\" srcset=\"https:\/\/jasminimal.de\/wp-content\/uploads\/2025\/02\/deer-skull.jpg 751w, https:\/\/jasminimal.de\/wp-content\/uploads\/2025\/02\/deer-skull-250x300.jpg 250w\" sizes=\"(min-width: 1200px) 33vw, (min-width: 992px) 100vw, (min-width: 768px) 33vw, 100vw\" alt=\"Artwork by Mini\" loading=\"eager\" decoding=\"async\" class=\"pfg-item-image\"><div class=\"pfg-item-caption pfg-item-caption--overlay\"><h3 class=\"pfg-item-title\">Artwork by Mini<\/h3><\/div><\/a><\/div><div class=\"pfg-item  pfg-item-hover--hvr-glow\" data-id=\"450\"><a href=\"https:\/\/jasminimal.de\/wp-content\/uploads\/2025\/02\/5.jpg\" class=\"pfg-item-link\" data-lightbox=\"pfg-445\" data-title=\"Artwork by Mini\"><img src=\"https:\/\/jasminimal.de\/wp-content\/uploads\/2025\/02\/5.jpg\" srcset=\"https:\/\/jasminimal.de\/wp-content\/uploads\/2025\/02\/5.jpg 499w, https:\/\/jasminimal.de\/wp-content\/uploads\/2025\/02\/5-283x300.jpg 283w\" sizes=\"(min-width: 1200px) 33vw, (min-width: 992px) 100vw, (min-width: 768px) 33vw, 100vw\" alt=\"Artwork by Mini\" loading=\"eager\" decoding=\"async\" class=\"pfg-item-image\"><div class=\"pfg-item-caption pfg-item-caption--overlay\"><h3 class=\"pfg-item-title\">Artwork by Mini<\/h3><\/div><\/a><\/div><div class=\"pfg-item  pfg-item-hover--hvr-glow\" data-id=\"449\"><a href=\"https:\/\/jasminimal.de\/wp-content\/uploads\/2025\/02\/Tree-in-a-Bottle.jpg\" class=\"pfg-item-link\" data-lightbox=\"pfg-445\" data-title=\"Artwork by Mini\"><img src=\"https:\/\/jasminimal.de\/wp-content\/uploads\/2025\/02\/Tree-in-a-Bottle-1024x1024.jpg\" srcset=\"https:\/\/jasminimal.de\/wp-content\/uploads\/2025\/02\/Tree-in-a-Bottle-1024x1024.jpg 1024w, https:\/\/jasminimal.de\/wp-content\/uploads\/2025\/02\/Tree-in-a-Bottle-300x300.jpg 300w, https:\/\/jasminimal.de\/wp-content\/uploads\/2025\/02\/Tree-in-a-Bottle-150x150.jpg 150w, https:\/\/jasminimal.de\/wp-content\/uploads\/2025\/02\/Tree-in-a-Bottle-768x768.jpg 768w, https:\/\/jasminimal.de\/wp-content\/uploads\/2025\/02\/Tree-in-a-Bottle-500x500.jpg 500w, https:\/\/jasminimal.de\/wp-content\/uploads\/2025\/02\/Tree-in-a-Bottle-800x800.jpg 800w, https:\/\/jasminimal.de\/wp-content\/uploads\/2025\/02\/Tree-in-a-Bottle-1536x1536.jpg 1536w, https:\/\/jasminimal.de\/wp-content\/uploads\/2025\/02\/Tree-in-a-Bottle-2048x2048.jpg 2048w, https:\/\/jasminimal.de\/wp-content\/uploads\/2025\/02\/Tree-in-a-Bottle-75x75.jpg 75w\" sizes=\"(min-width: 1200px) 33vw, (min-width: 992px) 100vw, (min-width: 768px) 33vw, 100vw\" alt=\"Artwork by Mini\" loading=\"eager\" decoding=\"async\" class=\"pfg-item-image\"><div class=\"pfg-item-caption pfg-item-caption--overlay\"><h3 class=\"pfg-item-title\">Artwork by Mini<\/h3><\/div><\/a><\/div><\/div><\/div>\n\n\n\n<hr class=\"wp-block-separator has-css-opacity is-style-wide\"\/>\n\n\n\n<iframe src=\"\/\/www.facebook.com\/plugins\/like.php?href=http%3A%2F%2Ffacebook.com%2Fjasminimal.photography&amp;width=800&amp;height=80&amp;colorscheme=light&amp;layout=standard&amp;action=like&amp;show_faces=true&amp;send=true&amp;appId=122371637796439\" scrolling=\"no\" frameborder=\"0\" style=\"border:none; overflow:hidden; width:800px; height:80px;\" allowtransparency=\"true\"><\/iframe>\n\n\n\n<p><\/p>\n","protected":false},"excerpt":{"rendered":"<p>&#8222;Wenn ich w\u00fcsste, was Kunst ist, w\u00fcrde ich es f\u00fcr mich behalten.&#8222;\u00a0&#8211; Pablo Picasso<\/p>\n","protected":false},"author":1,"featured_media":0,"parent":0,"menu_order":0,"comment_status":"closed","ping_status":"closed","template":"","meta":{"footnotes":""},"class_list":["post-46","page","type-page","status-publish","hentry"],"_links":{"self":[{"href":"https:\/\/jasminimal.de\/index.php?rest_route=\/wp\/v2\/pages\/46","targetHints":{"allow":["GET"]}}],"collection":[{"href":"https:\/\/jasminimal.de\/index.php?rest_route=\/wp\/v2\/pages"}],"about":[{"href":"https:\/\/jasminimal.de\/index.php?rest_route=\/wp\/v2\/types\/page"}],"author":[{"embeddable":true,"href":"https:\/\/jasminimal.de\/index.php?rest_route=\/wp\/v2\/users\/1"}],"replies":[{"embeddable":true,"href":"https:\/\/jasminimal.de\/index.php?rest_route=%2Fwp%2Fv2%2Fcomments&post=46"}],"version-history":[{"count":64,"href":"https:\/\/jasminimal.de\/index.php?rest_route=\/wp\/v2\/pages\/46\/revisions"}],"predecessor-version":[{"id":515,"href":"https:\/\/jasminimal.de\/index.php?rest_route=\/wp\/v2\/pages\/46\/revisions\/515"}],"wp:attachment":[{"href":"https:\/\/jasminimal.de\/index.php?rest_route=%2Fwp%2Fv2%2Fmedia&parent=46"}],"curies":[{"name":"wp","href":"https:\/\/api.w.org\/{rel}","templated":true}]}}